{"id":2228,"date":"2017-05-30T23:22:40","date_gmt":"2017-05-30T23:22:40","guid":{"rendered":"http:\/\/import.themovation.com\/embark\/river-rafting\/?page_id=144"},"modified":"2026-03-30T08:52:36","modified_gmt":"2026-03-30T05:52:36","slug":"tilausehdot","status":"publish","type":"page","link":"https:\/\/laplandspirit.com\/en\/tilausehdot\/","title":{"rendered":"Tilausehdot"},"content":{"rendered":"<div data-elementor-type=\"wp-post\" data-elementor-id=\"2228\" class=\"elementor elementor-2228\" data-elementor-post-type=\"page\">\n\t\t\t\t\t\t<section class=\"elementor-section elementor-top-section elementor-element elementor-element-bxvpbeq elementor-section-boxed elementor-section-height-default elementor-section-height-default\" data-id=\"bxvpbeq\" data-element_type=\"section\" data-e-type=\"section\">\n\t\t\t\t\t\t<div class=\"elementor-container elementor-column-gap-default\">\n\t\t\t\t\t<div class=\"elementor-column elementor-col-100 elementor-top-column elementor-element elementor-element-hrculvq\" data-id=\"hrculvq\" data-element_type=\"column\" data-e-type=\"column\">\n\t\t\t<div class=\"elementor-widget-wrap elementor-element-populated\">\n\t\t\t\t\t\t<div class=\"elementor-element elementor-element-jhaspch elementor-widget elementor-widget-spacer\" data-id=\"jhaspch\" data-element_type=\"widget\" data-e-type=\"widget\" data-widget_type=\"spacer.default\">\n\t\t\t\t<div class=\"elementor-widget-container\">\n\t\t\t\t\t\t\t<div class=\"elementor-spacer\">\n\t\t\t<div class=\"elementor-spacer-inner\"><\/div>\n\t\t<\/div>\n\t\t\t\t\t\t<\/div>\n\t\t\t\t<\/div>\n\t\t\t\t<div class=\"elementor-element elementor-element-ce9a7c3 elementor-widget elementor-widget-text-editor\" data-id=\"ce9a7c3\" data-element_type=\"widget\" data-e-type=\"widget\" data-widget_type=\"text-editor.default\">\n\t\t\t\t<div class=\"elementor-widget-container\">\n\t\t\t\t\t\t\t\t\t<h2 data-start=\"485\" data-end=\"499\">Terms and Conditions<\/h2><h4 data-start=\"501\" data-end=\"514\">1. General<\/h4><p data-start=\"1620\" data-end=\"1795\">These terms apply to bookings and purchases of train journeys, experiences and related additional services offered by Joulupukin juna Oy <strong data-start=\"1674\" data-end=\"1697\">, under the brand Lapland Spirit Rail.<\/strong>, tarjoamien junamatkojen, el\u00e4mysten ja niihin liittyvien lis\u00e4palvelujen varauksiin ja ostamiseen.<\/p><p data-start=\"1797\" data-end=\"1894\">By making a booking, the customer confirms that they have read and accepted these terms.<\/p><h4 data-start=\"1797\" data-end=\"1894\">2. Booking<\/h4><p data-start=\"1914\" data-end=\"2113\">Bookings are made through our online store. A booking becomes binding once the customer has received a booking confirmation by email. The booking confirmation also serves as the ticket or proof of purchase unless otherwise stated.<\/p><p data-start=\"2115\" data-end=\"2199\">The person making the booking must be at least 18 years old or have permission from a parent or legal guardian.<\/p><h4 data-section-id=\"1amlcj3\" data-start=\"2201\" data-end=\"2218\">3. Payment<\/h4><p data-start=\"2219\" data-end=\"2333\">Online bookings are made <strong data-start=\"2243\" data-end=\"2277\">through the FareHarbor booking system,<\/strong> and payments are processed <strong data-start=\"2308\" data-end=\"2319\">via<\/strong> Stripe.<\/p><p data-start=\"2335\" data-end=\"2657\">We accept major international credit and debit cards, as well as any other payment methods shown to the customer at checkout. The payment methods displayed may vary depending on factors such as the customer\u2019s location, device, currency and payment settings. Stripe states that Checkout dynamically shows the eligible payment methods for the transaction, and FareHarbor also supports Apple Pay and Google Pay when Stripe is used as the payment processor.<\/p><p data-start=\"2659\" data-end=\"2739\">Payment is charged at the time of booking unless otherwise stated for a specific product or service.<\/p><h4 data-section-id=\"17n9bpt\" data-start=\"2741\" data-end=\"2781\">4. Delivery of the service<\/h4><p data-start=\"2782\" data-end=\"2935\">The service is considered delivered when the booked train journey or other service begins. The customer is responsible for arriving at the departure location on time and following the instructions provided.<\/p><h4 data-section-id=\"1o7vu2u\" data-start=\"2937\" data-end=\"2968\">5. Cancellations and changes<\/h4><p data-start=\"2969\" data-end=\"3229\">Any cancellation and amendment terms are provided in connection with the specific product or booking. If a journey is cancelled by the organiser, the paid amount will be refunded in accordance with the terms applicable to that product and the reason for cancellation.<\/p><h4 data-section-id=\"1bo0bn9\" data-start=\"3231\" data-end=\"3272\">6. Organiser\u2019s right to cancel<\/h4><p data-start=\"3273\" data-end=\"3593\">Joulupukin Juna Oy reserves the right to cancel a journey due to insufficient participation, safety reasons, rolling stock or traffic disruptions, or force majeure. In such cases, customers will be informed as soon as reasonably possible and any refunds will be handled in accordance with the applicable terms.<\/p><h4 data-section-id=\"ruuex8\" data-start=\"3595\" data-end=\"3617\">7. Limitation of liability<\/h4><p data-start=\"3618\" data-end=\"3781\">Joulupukin Juna Oy shall not be liable for indirect or consequential damages, such as loss of income, accommodation costs or missed onward connections, unless required by mandatory law.<\/p><h4 data-section-id=\"vf12q2\" data-start=\"3783\" data-end=\"3802\">8. Complaints<\/h4><p data-start=\"3803\" data-end=\"4030\">Any defect, omission or issue that can be addressed during the journey must be reported without delay to the guide, train staff or another representative of the organiser so that corrective action can be taken if possible.<\/p><h4 data-section-id=\"he99cz\" data-start=\"4032\" data-end=\"4077\">9. Governing law and disputes<\/h4><p data-start=\"4078\" data-end=\"4287\">These terms are governed by the laws of Finland. Any disputes should first be resolved through negotiation. If no amicable settlement is reached, the dispute shall be submitted to the competent court in Finland.<\/p>\t\t\t\t\t\t\t\t<\/div>\n\t\t\t\t<\/div>\n\t\t\t\t<div class=\"elementor-element elementor-element-agykwgc elementor-widget elementor-widget-spacer\" data-id=\"agykwgc\" data-element_type=\"widget\" data-e-type=\"widget\" data-widget_type=\"spacer.default\">\n\t\t\t\t<div class=\"elementor-widget-container\">\n\t\t\t\t\t\t\t<div class=\"elementor-spacer\">\n\t\t\t<div class=\"elementor-spacer-inner\"><\/div>\n\t\t<\/div>\n\t\t\t\t\t\t<\/div>\n\t\t\t\t<\/div>\n\t\t\t\t\t<\/div>\n\t\t<\/div>\n\t\t\t\t\t<\/div>\n\t\t<\/section>\n\t\t\t\t<section class=\"elementor-section elementor-top-section elementor-element elementor-element-d89c43f elementor-section-boxed elementor-section-height-default elementor-section-height-default\" data-id=\"d89c43f\" data-element_type=\"section\" data-e-type=\"section\">\n\t\t\t\t\t\t<div class=\"elementor-container elementor-column-gap-default\">\n\t\t\t\t\t<div class=\"elementor-column elementor-col-100 elementor-top-column elementor-element elementor-element-1f4f255\" data-id=\"1f4f255\" data-element_type=\"column\" data-e-type=\"column\">\n\t\t\t<div class=\"elementor-widget-wrap elementor-element-populated\">\n\t\t\t\t\t\t<div class=\"elementor-element elementor-element-4d23c91 elementor-widget elementor-widget-spacer\" data-id=\"4d23c91\" data-element_type=\"widget\" data-e-type=\"widget\" data-widget_type=\"spacer.default\">\n\t\t\t\t<div class=\"elementor-widget-container\">\n\t\t\t\t\t\t\t<div class=\"elementor-spacer\">\n\t\t\t<div class=\"elementor-spacer-inner\"><\/div>\n\t\t<\/div>\n\t\t\t\t\t\t<\/div>\n\t\t\t\t<\/div>\n\t\t\t\t<div class=\"elementor-element elementor-element-2c962d0 elementor-widget elementor-widget-spacer\" data-id=\"2c962d0\" data-element_type=\"widget\" data-e-type=\"widget\" data-widget_type=\"spacer.default\">\n\t\t\t\t<div class=\"elementor-widget-container\">\n\t\t\t\t\t\t\t<div class=\"elementor-spacer\">\n\t\t\t<div class=\"elementor-spacer-inner\"><\/div>\n\t\t<\/div>\n\t\t\t\t\t\t<\/div>\n\t\t\t\t<\/div>\n\t\t\t\t\t<\/div>\n\t\t<\/div>\n\t\t\t\t\t<\/div>\n\t\t<\/section>\n\t\t\t\t<\/div>","protected":false},"excerpt":{"rendered":"<p>Tilaus- ja toimitusehdot 1. Yleist\u00e4 N\u00e4it\u00e4 ehtoja sovelletaan Joulupukin Juna Oy:n, br\u00e4ndi Lapland Spirit Rail, tarjoamien junamatkojen, el\u00e4mysten ja niihin liittyvien lis\u00e4palvelujen varauksiin ja ostamiseen. Tekem\u00e4ll\u00e4 varauksen asiakas vahvistaa lukeneensa n\u00e4m\u00e4 ehdot ja hyv\u00e4ksyv\u00e4ns\u00e4 ne itse\u00e4\u00e4n sitoviksi. 2. Varaaminen Varaukset tehd\u00e4\u00e4n verkkokauppamme kautta. Varaus on sitova, kun asiakas on saanut varausvahvistuksen s\u00e4hk\u00f6postiinsa. Varausvahvistus toimii samalla [&hellip;]<\/p>\n","protected":false},"author":1,"featured_media":0,"parent":0,"menu_order":18,"comment_status":"closed","ping_status":"closed","template":"","meta":{"footnotes":""},"class_list":["post-2228","page","type-page","status-publish","hentry"],"yoast_head":"<!-- This site is optimized with the Yoast SEO plugin v27.3 - https:\/\/yoast.com\/product\/yoast-seo-wordpress\/ -->\n<title>Tilausehdot - Lapland Spirit Rail<\/title>\n<meta name=\"robots\" content=\"index, follow, max-snippet:-1, max-image-preview:large, max-video-preview:-1\" \/>\n<link rel=\"canonical\" href=\"https:\/\/laplandspirit.com\/en\/tilausehdot\/\" \/>\n<meta property=\"og:locale\" content=\"en_GB\" \/>\n<meta property=\"og:type\" content=\"article\" \/>\n<meta property=\"og:title\" content=\"Tilausehdot - Lapland Spirit Rail\" \/>\n<meta property=\"og:description\" content=\"Tilaus- ja toimitusehdot 1. Yleist\u00e4 N\u00e4it\u00e4 ehtoja sovelletaan Joulupukin Juna Oy:n, br\u00e4ndi Lapland Spirit Rail, tarjoamien junamatkojen, el\u00e4mysten ja niihin liittyvien lis\u00e4palvelujen varauksiin ja ostamiseen. Tekem\u00e4ll\u00e4 varauksen asiakas vahvistaa lukeneensa n\u00e4m\u00e4 ehdot ja hyv\u00e4ksyv\u00e4ns\u00e4 ne itse\u00e4\u00e4n sitoviksi. 2. Varaaminen Varaukset tehd\u00e4\u00e4n verkkokauppamme kautta. Varaus on sitova, kun asiakas on saanut varausvahvistuksen s\u00e4hk\u00f6postiinsa. Varausvahvistus toimii samalla [&hellip;]\" \/>\n<meta property=\"og:url\" content=\"https:\/\/laplandspirit.com\/en\/tilausehdot\/\" \/>\n<meta property=\"og:site_name\" content=\"Lapland Spirit Rail\" \/>\n<meta property=\"article:modified_time\" content=\"2026-03-30T05:52:36+00:00\" \/>\n<meta name=\"twitter:card\" content=\"summary_large_image\" \/>\n<meta name=\"twitter:label1\" content=\"Estimated reading time\" \/>\n\t<meta name=\"twitter:data1\" content=\"2 minutes\" \/>\n<script type=\"application\/ld+json\" class=\"yoast-schema-graph\">{\"@context\":\"https:\\\/\\\/schema.org\",\"@graph\":[{\"@type\":\"WebPage\",\"@id\":\"https:\\\/\\\/laplandspirit.com\\\/tilausehdot\\\/\",\"url\":\"https:\\\/\\\/laplandspirit.com\\\/tilausehdot\\\/\",\"name\":\"Tilausehdot - Lapland Spirit Rail\",\"isPartOf\":{\"@id\":\"https:\\\/\\\/laplandspirit.com\\\/#website\"},\"datePublished\":\"2017-05-30T23:22:40+00:00\",\"dateModified\":\"2026-03-30T05:52:36+00:00\",\"breadcrumb\":{\"@id\":\"https:\\\/\\\/laplandspirit.com\\\/tilausehdot\\\/#breadcrumb\"},\"inLanguage\":\"en-GB\",\"potentialAction\":[{\"@type\":\"ReadAction\",\"target\":[\"https:\\\/\\\/laplandspirit.com\\\/tilausehdot\\\/\"]}]},{\"@type\":\"BreadcrumbList\",\"@id\":\"https:\\\/\\\/laplandspirit.com\\\/tilausehdot\\\/#breadcrumb\",\"itemListElement\":[{\"@type\":\"ListItem\",\"position\":1,\"name\":\"Etusivu\",\"item\":\"https:\\\/\\\/laplandspirit.com\\\/\"},{\"@type\":\"ListItem\",\"position\":2,\"name\":\"Tilausehdot\"}]},{\"@type\":\"WebSite\",\"@id\":\"https:\\\/\\\/laplandspirit.com\\\/#website\",\"url\":\"https:\\\/\\\/laplandspirit.com\\\/\",\"name\":\"Lapland Spirit Rail\",\"description\":\"Maailman pohjoisin luksusjunamatka\",\"publisher\":{\"@id\":\"https:\\\/\\\/laplandspirit.com\\\/#organization\"},\"potentialAction\":[{\"@type\":\"SearchAction\",\"target\":{\"@type\":\"EntryPoint\",\"urlTemplate\":\"https:\\\/\\\/laplandspirit.com\\\/?s={search_term_string}\"},\"query-input\":{\"@type\":\"PropertyValueSpecification\",\"valueRequired\":true,\"valueName\":\"search_term_string\"}}],\"inLanguage\":\"en-GB\"},{\"@type\":\"Organization\",\"@id\":\"https:\\\/\\\/laplandspirit.com\\\/#organization\",\"name\":\"Lapland Spirit Rail\",\"url\":\"https:\\\/\\\/laplandspirit.com\\\/\",\"logo\":{\"@type\":\"ImageObject\",\"inLanguage\":\"en-GB\",\"@id\":\"https:\\\/\\\/laplandspirit.com\\\/#\\\/schema\\\/logo\\\/image\\\/\",\"url\":\"https:\\\/\\\/laplandspirit.com\\\/wp-content\\\/uploads\\\/2023\\\/04\\\/lapland-spirit-valkoinen-logo-kopio1.png\",\"contentUrl\":\"https:\\\/\\\/laplandspirit.com\\\/wp-content\\\/uploads\\\/2023\\\/04\\\/lapland-spirit-valkoinen-logo-kopio1.png\",\"width\":968,\"height\":262,\"caption\":\"Lapland Spirit Rail\"},\"image\":{\"@id\":\"https:\\\/\\\/laplandspirit.com\\\/#\\\/schema\\\/logo\\\/image\\\/\"}}]}<\/script>\n<!-- \/ Yoast SEO plugin. -->","yoast_head_json":{"title":"Tilausehdot - Lapland Spirit Rail","robots":{"index":"index","follow":"follow","max-snippet":"max-snippet:-1","max-image-preview":"max-image-preview:large","max-video-preview":"max-video-preview:-1"},"canonical":"https:\/\/laplandspirit.com\/en\/tilausehdot\/","og_locale":"en_GB","og_type":"article","og_title":"Tilausehdot - Lapland Spirit Rail","og_description":"Tilaus- ja toimitusehdot 1. Yleist\u00e4 N\u00e4it\u00e4 ehtoja sovelletaan Joulupukin Juna Oy:n, br\u00e4ndi Lapland Spirit Rail, tarjoamien junamatkojen, el\u00e4mysten ja niihin liittyvien lis\u00e4palvelujen varauksiin ja ostamiseen. Tekem\u00e4ll\u00e4 varauksen asiakas vahvistaa lukeneensa n\u00e4m\u00e4 ehdot ja hyv\u00e4ksyv\u00e4ns\u00e4 ne itse\u00e4\u00e4n sitoviksi. 2. Varaaminen Varaukset tehd\u00e4\u00e4n verkkokauppamme kautta. Varaus on sitova, kun asiakas on saanut varausvahvistuksen s\u00e4hk\u00f6postiinsa. Varausvahvistus toimii samalla [&hellip;]","og_url":"https:\/\/laplandspirit.com\/en\/tilausehdot\/","og_site_name":"Lapland Spirit Rail","article_modified_time":"2026-03-30T05:52:36+00:00","twitter_card":"summary_large_image","twitter_misc":{"Estimated reading time":"2 minutes"},"schema":{"@context":"https:\/\/schema.org","@graph":[{"@type":"WebPage","@id":"https:\/\/laplandspirit.com\/tilausehdot\/","url":"https:\/\/laplandspirit.com\/tilausehdot\/","name":"Tilausehdot - Lapland Spirit Rail","isPartOf":{"@id":"https:\/\/laplandspirit.com\/#website"},"datePublished":"2017-05-30T23:22:40+00:00","dateModified":"2026-03-30T05:52:36+00:00","breadcrumb":{"@id":"https:\/\/laplandspirit.com\/tilausehdot\/#breadcrumb"},"inLanguage":"en-GB","potentialAction":[{"@type":"ReadAction","target":["https:\/\/laplandspirit.com\/tilausehdot\/"]}]},{"@type":"BreadcrumbList","@id":"https:\/\/laplandspirit.com\/tilausehdot\/#breadcrumb","itemListElement":[{"@type":"ListItem","position":1,"name":"Etusivu","item":"https:\/\/laplandspirit.com\/"},{"@type":"ListItem","position":2,"name":"Tilausehdot"}]},{"@type":"WebSite","@id":"https:\/\/laplandspirit.com\/#website","url":"https:\/\/laplandspirit.com\/","name":", under the brand Lapland Spirit Rail.","description":"The world's northernmost luxury train journey","publisher":{"@id":"https:\/\/laplandspirit.com\/#organization"},"potentialAction":[{"@type":"SearchAction","target":{"@type":"EntryPoint","urlTemplate":"https:\/\/laplandspirit.com\/?s={search_term_string}"},"query-input":{"@type":"PropertyValueSpecification","valueRequired":true,"valueName":"search_term_string"}}],"inLanguage":"en-GB"},{"@type":"Organization","@id":"https:\/\/laplandspirit.com\/#organization","name":", under the brand Lapland Spirit Rail.","url":"https:\/\/laplandspirit.com\/","logo":{"@type":"ImageObject","inLanguage":"en-GB","@id":"https:\/\/laplandspirit.com\/#\/schema\/logo\/image\/","url":"https:\/\/laplandspirit.com\/wp-content\/uploads\/2023\/04\/lapland-spirit-valkoinen-logo-kopio1.png","contentUrl":"https:\/\/laplandspirit.com\/wp-content\/uploads\/2023\/04\/lapland-spirit-valkoinen-logo-kopio1.png","width":968,"height":262,"caption":"Lapland Spirit Rail"},"image":{"@id":"https:\/\/laplandspirit.com\/#\/schema\/logo\/image\/"}}]}},"_links":{"self":[{"href":"https:\/\/laplandspirit.com\/en\/wp-json\/wp\/v2\/pages\/2228","targetHints":{"allow":["GET"]}}],"collection":[{"href":"https:\/\/laplandspirit.com\/en\/wp-json\/wp\/v2\/pages"}],"about":[{"href":"https:\/\/laplandspirit.com\/en\/wp-json\/wp\/v2\/types\/page"}],"author":[{"embeddable":true,"href":"https:\/\/laplandspirit.com\/en\/wp-json\/wp\/v2\/users\/1"}],"replies":[{"embeddable":true,"href":"https:\/\/laplandspirit.com\/en\/wp-json\/wp\/v2\/comments?post=2228"}],"version-history":[{"count":20,"href":"https:\/\/laplandspirit.com\/en\/wp-json\/wp\/v2\/pages\/2228\/revisions"}],"predecessor-version":[{"id":7579,"href":"https:\/\/laplandspirit.com\/en\/wp-json\/wp\/v2\/pages\/2228\/revisions\/7579"}],"wp:attachment":[{"href":"https:\/\/laplandspirit.com\/en\/wp-json\/wp\/v2\/media?parent=2228"}],"curies":[{"name":"wp","href":"https:\/\/api.w.org\/{rel}","templated":true}]}}