{"id":7548,"date":"2026-03-30T08:23:51","date_gmt":"2026-03-30T05:23:51","guid":{"rendered":"https:\/\/laplandspirit.com\/?page_id=7548"},"modified":"2026-03-30T08:37:30","modified_gmt":"2026-03-30T05:37:30","slug":"tietosuojaseloste","status":"publish","type":"page","link":"https:\/\/laplandspirit.com\/en\/tietosuojaseloste\/","title":{"rendered":"Privacy Policy"},"content":{"rendered":"<div data-elementor-type=\"wp-page\" data-elementor-id=\"7548\" class=\"elementor elementor-7548\" data-elementor-post-type=\"page\">\n\t\t\t\t\t\t<section class=\"elementor-section elementor-top-section elementor-element elementor-element-6fe883c elementor-section-boxed elementor-section-height-default elementor-section-height-default\" data-id=\"6fe883c\" data-element_type=\"section\" data-e-type=\"section\">\n\t\t\t\t\t\t<div class=\"elementor-container elementor-column-gap-default\">\n\t\t\t\t\t<div class=\"elementor-column elementor-col-100 elementor-top-column elementor-element elementor-element-7b1ff50\" data-id=\"7b1ff50\" data-element_type=\"column\" data-e-type=\"column\">\n\t\t\t<div class=\"elementor-widget-wrap\">\n\t\t\t\t\t\t\t<\/div>\n\t\t<\/div>\n\t\t\t\t\t<\/div>\n\t\t<\/section>\n\t\t\t\t<section class=\"elementor-section elementor-top-section elementor-element elementor-element-743ff5e elementor-section-boxed elementor-section-height-default elementor-section-height-default\" data-id=\"743ff5e\" data-element_type=\"section\" data-e-type=\"section\">\n\t\t\t\t\t\t<div class=\"elementor-container elementor-column-gap-default\">\n\t\t\t\t\t<div class=\"elementor-column elementor-col-100 elementor-top-column elementor-element elementor-element-d024358\" data-id=\"d024358\" data-element_type=\"column\" data-e-type=\"column\">\n\t\t\t<div class=\"elementor-widget-wrap elementor-element-populated\">\n\t\t\t\t\t\t<section class=\"elementor-section elementor-inner-section elementor-element elementor-element-aabfd2a elementor-section-boxed elementor-section-height-default elementor-section-height-default\" data-id=\"aabfd2a\" data-element_type=\"section\" data-e-type=\"section\">\n\t\t\t\t\t\t<div class=\"elementor-container elementor-column-gap-default\">\n\t\t\t\t\t<div class=\"elementor-column elementor-col-100 elementor-inner-column elementor-element elementor-element-3442ef0\" data-id=\"3442ef0\" data-element_type=\"column\" data-e-type=\"column\">\n\t\t\t<div class=\"elementor-widget-wrap elementor-element-populated\">\n\t\t\t\t\t\t<div class=\"elementor-element elementor-element-1ef81e7 elementor-widget elementor-widget-heading\" data-id=\"1ef81e7\" data-element_type=\"widget\" data-e-type=\"widget\" data-widget_type=\"heading.default\">\n\t\t\t\t<div class=\"elementor-widget-container\">\n\t\t\t\t\t<h2 class=\"elementor-heading-title elementor-size-default\">Privacy Policy<\/h2>\t\t\t\t<\/div>\n\t\t\t\t<\/div>\n\t\t\t\t<div class=\"elementor-element elementor-element-ceac5ae elementor-widget elementor-widget-text-editor\" data-id=\"ceac5ae\" data-element_type=\"widget\" data-e-type=\"widget\" data-widget_type=\"text-editor.default\">\n\t\t\t\t<div class=\"elementor-widget-container\">\n\t\t\t\t\t\t\t\t\t<h4 data-section-id=\"10scj4s\" data-start=\"4333\" data-end=\"4356\">1. Controller<\/h4><p data-start=\"4357\" data-end=\"4480\"><strong data-start=\"4357\" data-end=\"4379\">Joulupukin Juna Oy<\/strong><br data-start=\"4379\" data-end=\"4382\" \/>Rautatiekatu 7, 94100 Kemi, Finland<br data-start=\"4417\" data-end=\"4420\" \/>Phone: +358 40 553 6248<br data-start=\"4445\" data-end=\"4448\" \/>Email: info@joulupukinjuna.fi<\/p><h4 data-section-id=\"nc7tob\" data-start=\"4482\" data-end=\"4522\">2. Contact person for privacy matters<\/h4><p data-start=\"4523\" data-end=\"4637\">Minna Miettunen<br data-start=\"4538\" data-end=\"4541\" \/>Rautatiekatu 7, 94100 Kemi, Finland<br data-start=\"4576\" data-end=\"4579\" \/>Phone: +358 40 553 6248<br data-start=\"4604\" data-end=\"4607\" \/>Email: minna.miettunen@laplandspirit.com<\/p><h4 data-section-id=\"119r0v2\" data-start=\"4639\" data-end=\"4667\">3. What personal data we collect<\/h4><p data-start=\"4668\" data-end=\"4715\">We may process the following categories of personal data:<\/p><ul data-start=\"4716\" data-end=\"4988\"><li data-section-id=\"1j3bzbf\" data-start=\"4716\" data-end=\"4722\">name<\/li><li data-section-id=\"u7vsvk\" data-start=\"4723\" data-end=\"4741\">email<\/li><li data-section-id=\"1l8hj0l\" data-start=\"4742\" data-end=\"4757\">phone<\/li><li data-section-id=\"1ww2ebk\" data-start=\"4758\" data-end=\"4787\">booking and passenger details<\/li><li data-section-id=\"10kkt23\" data-start=\"4788\" data-end=\"4834\">information related to additional services<\/li><li data-section-id=\"gc4drn\" data-start=\"4835\" data-end=\"4870\">payment-related information<\/li><li data-section-id=\"xkmz93\" data-start=\"4871\" data-end=\"4903\">customer communications and feedback<\/li><li data-section-id=\"ikjb26\" data-start=\"4904\" data-end=\"4923\">marketing permissions<\/li><li data-section-id=\"16aouyj\" data-start=\"4924\" data-end=\"4988\">technical usage data and cookie data<\/li><\/ul><p data-start=\"4990\" data-end=\"5346\">FareHarbor\u2019s data processing terms state that, when its service is used, personal data may include items such as full name, phone number, email address, payment details, browsing history and data collected by cookies or similar technologies. In that context, FareHarbor acts as the data processor and the provider acts as the data controller.<\/p><h4 data-section-id=\"1eyu7cx\" data-start=\"5348\" data-end=\"5391\">4. Purposes of processing<\/h4><p data-start=\"5392\" data-end=\"5445\">We process personal data for the following purposes:<\/p><ul data-start=\"5446\" data-end=\"5728\"><li data-section-id=\"2gklcq\" data-start=\"5446\" data-end=\"5490\">receiving and managing bookings<\/li><li data-section-id=\"69g7nx\" data-start=\"5491\" data-end=\"5511\">processing payments<\/li><li data-section-id=\"dly23\" data-start=\"5512\" data-end=\"5571\">delivering tickets, confirmations and customer communications<\/li><li data-section-id=\"62j998\" data-start=\"5572\" data-end=\"5588\">customer service<\/li><li data-section-id=\"1kfprih\" data-start=\"5589\" data-end=\"5630\">accounting and legal compliance<\/li><li data-section-id=\"1doyqun\" data-start=\"5631\" data-end=\"5669\">service development and reporting<\/li><li data-section-id=\"kx5op\" data-start=\"5670\" data-end=\"5728\">marketing where the customer has given consent<\/li><\/ul><h4 data-section-id=\"146n97d\" data-start=\"5730\" data-end=\"5763\">5. Legal bases for processing<\/h4><p data-start=\"5764\" data-end=\"5797\">The legal bases for processing may include:<\/p><ul data-start=\"5798\" data-end=\"5906\"><li data-section-id=\"w61yij\" data-start=\"5798\" data-end=\"5825\">performance of a contract<\/li><li data-section-id=\"101mcmv\" data-start=\"5826\" data-end=\"5850\">compliance with a legal obligation<\/li><li data-section-id=\"3af391\" data-start=\"5851\" data-end=\"5867\">legitimate interest<\/li><li data-section-id=\"1fd2ixk\" data-start=\"5868\" data-end=\"5906\">consent, where applicable<\/li><\/ul><h4 data-section-id=\"368ryk\" data-start=\"5908\" data-end=\"5943\">6. Data sharing and processors<\/h4><p data-start=\"5944\" data-end=\"6123\">We may disclose or provide access to personal data to service providers who process personal data on our behalf for the purpose of delivering our services. These may include:<\/p><ul data-start=\"6124\" data-end=\"6342\"><li data-section-id=\"xg088a\" data-start=\"6124\" data-end=\"6178\"><strong data-start=\"6126\" data-end=\"6141\">FareHarbor,<\/strong>which we use as our booking platform<\/li><li data-section-id=\"1ghyzsc\" data-start=\"6179\" data-end=\"6229\"><strong data-start=\"6181\" data-end=\"6191\">Stripe<\/strong>which we use for payment processing<\/li><li data-section-id=\"1kj2127\" data-start=\"6230\" data-end=\"6271\">accounting and financial administration providers<\/li><li data-section-id=\"p2m6sp\" data-start=\"6272\" data-end=\"6342\">technical service providers such as website hosting and email providers<\/li><\/ul><p data-start=\"6344\" data-end=\"6664\">FareHarbor states in its Data Processing Agreement that it processes personal data on behalf of the provider as a data processor, while the provider remains the data controller. FareHarbor also states that payments collected through its systems are processed by PCI Level 1-certified payment service providers such as Stripe, and that FareHarbor does not store cardholder data.<\/p><h4 data-section-id=\"1tljc9l\" data-start=\"6666\" data-end=\"6684\">7. Payment data<\/h4><p data-start=\"6685\" data-end=\"7027\">Payments are processed through Stripe. We do not store full payment card details in our own systems. Payment processing is also subject to Stripe\u2019s own terms and privacy practices. FareHarbor states that payments processed through its systems are handled by PCI Level 1-certified payment service providers.<\/p><h4 data-section-id=\"29i97y\" data-start=\"7029\" data-end=\"7076\">8. International transfers<\/h4><p data-start=\"7077\" data-end=\"7275\">Some of our service providers may be located outside the EU or EEA, or may process data outside the EU or EEA. Where this happens, we will ensure appropriate safeguards in accordance with applicable data protection law.<\/p><h4 data-section-id=\"ribnmi\" data-start=\"7277\" data-end=\"7296\">9. Data retention<\/h4><p data-start=\"7297\" data-end=\"7521\">We retain personal data only for as long as necessary for the purposes described in this policy or as required by applicable law. For example, accounting records are retained for the period required by accounting legislation.<\/p><h4 data-section-id=\"yndew8\" data-start=\"7523\" data-end=\"7553\">10. Your rights<\/h4><p data-start=\"7554\" data-end=\"7578\">You may have the right to:<\/p><ul data-start=\"7579\" data-end=\"7819\"><li data-section-id=\"1i8vbmd\" data-start=\"7579\" data-end=\"7603\">You may have the right to:<\/li><li data-section-id=\"1ihzsa4\" data-start=\"7604\" data-end=\"7644\">request correction of inaccurate data<\/li><li data-section-id=\"g2am8s\" data-start=\"7645\" data-end=\"7674\">request erasure of your data<\/li><li data-section-id=\"w69uie\" data-start=\"7675\" data-end=\"7697\">request restriction of processing<\/li><li data-section-id=\"1177dor\" data-start=\"7698\" data-end=\"7720\">object to processing<\/li><li data-section-id=\"1xak474\" data-start=\"7721\" data-end=\"7780\">withdraw consent where processing is based on consent<\/li><li data-section-id=\"za28pf\" data-start=\"7781\" data-end=\"7819\">lodge a complaint with a supervisory authority<\/li><\/ul><p data-start=\"7821\" data-end=\"7879\">Requests regarding personal data can be sent to: sales@laplandspirit.com<\/p><hr data-start=\"7881\" data-end=\"7884\" \/><h2>Cookies<\/h2><p data-start=\"7909\" data-end=\"8158\">We use cookies and similar technologies on our website to enable the site to function properly, analyse usage, improve the user experience and, where applicable, support marketing. You can manage your cookie preferences through the cookie banner or your browser settings.<\/p>\t\t\t\t\t\t\t\t<\/div>\n\t\t\t\t<\/div>\n\t\t\t\t\t<\/div>\n\t\t<\/div>\n\t\t\t\t\t<\/div>\n\t\t<\/section>\n\t\t\t\t\t<\/div>\n\t\t<\/div>\n\t\t\t\t\t<\/div>\n\t\t<\/section>\n\t\t\t\t<\/div>","protected":false},"excerpt":{"rendered":"<p>Tietosuojaseloste 1. Rekisterinpit\u00e4j\u00e4 Joulupukin Juna OyRautatiekatu 7, 94100 Kemi, FinlandPuhelin: +358 40 553 6248S\u00e4hk\u00f6posti: info@joulupukinjuna.fi 2. Yhteyshenkil\u00f6 tietosuoja-asioissa Minna MiettunenRautatiekatu 7, 94100 Kemi, FinlandPuhelin: +358 40 553 6248S\u00e4hk\u00f6posti: minna.miettunen@laplandspirit.com 3. Mit\u00e4 tietoja ker\u00e4\u00e4mme Voimme k\u00e4sitell\u00e4 esimerkiksi seuraavia tietoja: nimi s\u00e4hk\u00f6postiosoite puhelinnumero varaus- ja matkustajatiedot mahdolliset lis\u00e4palveluihin liittyv\u00e4t tiedot maksutapahtumaan liittyv\u00e4t tiedot asiakasviestint\u00e4 ja palautteet markkinointiluvat [&hellip;]<\/p>\n","protected":false},"author":1,"featured_media":0,"parent":0,"menu_order":0,"comment_status":"closed","ping_status":"closed","template":"","meta":{"footnotes":""},"class_list":["post-7548","page","type-page","status-publish","hentry"],"yoast_head":"<!-- This site is optimized with the Yoast SEO plugin v27.3 - https:\/\/yoast.com\/product\/yoast-seo-wordpress\/ -->\n<title>Tietosuojaseloste - Lapland Spirit Rail<\/title>\n<meta name=\"robots\" content=\"index, follow, max-snippet:-1, max-image-preview:large, max-video-preview:-1\" \/>\n<link rel=\"canonical\" href=\"https:\/\/laplandspirit.com\/en\/tietosuojaseloste\/\" \/>\n<meta property=\"og:locale\" content=\"en_GB\" \/>\n<meta property=\"og:type\" content=\"article\" \/>\n<meta property=\"og:title\" content=\"Tietosuojaseloste - Lapland Spirit Rail\" \/>\n<meta property=\"og:description\" content=\"Tietosuojaseloste 1. Rekisterinpit\u00e4j\u00e4 Joulupukin Juna OyRautatiekatu 7, 94100 Kemi, FinlandPuhelin: +358 40 553 6248S\u00e4hk\u00f6posti: info@joulupukinjuna.fi 2. Yhteyshenkil\u00f6 tietosuoja-asioissa Minna MiettunenRautatiekatu 7, 94100 Kemi, FinlandPuhelin: +358 40 553 6248S\u00e4hk\u00f6posti: minna.miettunen@laplandspirit.com 3. Mit\u00e4 tietoja ker\u00e4\u00e4mme Voimme k\u00e4sitell\u00e4 esimerkiksi seuraavia tietoja: nimi s\u00e4hk\u00f6postiosoite puhelinnumero varaus- ja matkustajatiedot mahdolliset lis\u00e4palveluihin liittyv\u00e4t tiedot maksutapahtumaan liittyv\u00e4t tiedot asiakasviestint\u00e4 ja palautteet markkinointiluvat [&hellip;]\" \/>\n<meta property=\"og:url\" content=\"https:\/\/laplandspirit.com\/en\/tietosuojaseloste\/\" \/>\n<meta property=\"og:site_name\" content=\"Lapland Spirit Rail\" \/>\n<meta property=\"article:modified_time\" content=\"2026-03-30T05:37:30+00:00\" \/>\n<meta name=\"twitter:card\" content=\"summary_large_image\" \/>\n<meta name=\"twitter:label1\" content=\"Estimated reading time\" \/>\n\t<meta name=\"twitter:data1\" content=\"3 minutes\" \/>\n<script type=\"application\/ld+json\" class=\"yoast-schema-graph\">{\"@context\":\"https:\\\/\\\/schema.org\",\"@graph\":[{\"@type\":\"WebPage\",\"@id\":\"https:\\\/\\\/laplandspirit.com\\\/tietosuojaseloste\\\/\",\"url\":\"https:\\\/\\\/laplandspirit.com\\\/tietosuojaseloste\\\/\",\"name\":\"Tietosuojaseloste - Lapland Spirit Rail\",\"isPartOf\":{\"@id\":\"https:\\\/\\\/laplandspirit.com\\\/#website\"},\"datePublished\":\"2026-03-30T05:23:51+00:00\",\"dateModified\":\"2026-03-30T05:37:30+00:00\",\"breadcrumb\":{\"@id\":\"https:\\\/\\\/laplandspirit.com\\\/tietosuojaseloste\\\/#breadcrumb\"},\"inLanguage\":\"en-GB\",\"potentialAction\":[{\"@type\":\"ReadAction\",\"target\":[\"https:\\\/\\\/laplandspirit.com\\\/tietosuojaseloste\\\/\"]}]},{\"@type\":\"BreadcrumbList\",\"@id\":\"https:\\\/\\\/laplandspirit.com\\\/tietosuojaseloste\\\/#breadcrumb\",\"itemListElement\":[{\"@type\":\"ListItem\",\"position\":1,\"name\":\"Etusivu\",\"item\":\"https:\\\/\\\/laplandspirit.com\\\/\"},{\"@type\":\"ListItem\",\"position\":2,\"name\":\"Tietosuojaseloste\"}]},{\"@type\":\"WebSite\",\"@id\":\"https:\\\/\\\/laplandspirit.com\\\/#website\",\"url\":\"https:\\\/\\\/laplandspirit.com\\\/\",\"name\":\"Lapland Spirit Rail\",\"description\":\"Maailman pohjoisin luksusjunamatka\",\"publisher\":{\"@id\":\"https:\\\/\\\/laplandspirit.com\\\/#organization\"},\"potentialAction\":[{\"@type\":\"SearchAction\",\"target\":{\"@type\":\"EntryPoint\",\"urlTemplate\":\"https:\\\/\\\/laplandspirit.com\\\/?s={search_term_string}\"},\"query-input\":{\"@type\":\"PropertyValueSpecification\",\"valueRequired\":true,\"valueName\":\"search_term_string\"}}],\"inLanguage\":\"en-GB\"},{\"@type\":\"Organization\",\"@id\":\"https:\\\/\\\/laplandspirit.com\\\/#organization\",\"name\":\"Lapland Spirit Rail\",\"url\":\"https:\\\/\\\/laplandspirit.com\\\/\",\"logo\":{\"@type\":\"ImageObject\",\"inLanguage\":\"en-GB\",\"@id\":\"https:\\\/\\\/laplandspirit.com\\\/#\\\/schema\\\/logo\\\/image\\\/\",\"url\":\"https:\\\/\\\/laplandspirit.com\\\/wp-content\\\/uploads\\\/2023\\\/04\\\/lapland-spirit-valkoinen-logo-kopio1.png\",\"contentUrl\":\"https:\\\/\\\/laplandspirit.com\\\/wp-content\\\/uploads\\\/2023\\\/04\\\/lapland-spirit-valkoinen-logo-kopio1.png\",\"width\":968,\"height\":262,\"caption\":\"Lapland Spirit Rail\"},\"image\":{\"@id\":\"https:\\\/\\\/laplandspirit.com\\\/#\\\/schema\\\/logo\\\/image\\\/\"}}]}<\/script>\n<!-- \/ Yoast SEO plugin. -->","yoast_head_json":{"title":"Tietosuojaseloste - Lapland Spirit Rail","robots":{"index":"index","follow":"follow","max-snippet":"max-snippet:-1","max-image-preview":"max-image-preview:large","max-video-preview":"max-video-preview:-1"},"canonical":"https:\/\/laplandspirit.com\/en\/tietosuojaseloste\/","og_locale":"en_GB","og_type":"article","og_title":"Tietosuojaseloste - Lapland Spirit Rail","og_description":"Tietosuojaseloste 1. Rekisterinpit\u00e4j\u00e4 Joulupukin Juna OyRautatiekatu 7, 94100 Kemi, FinlandPuhelin: +358 40 553 6248S\u00e4hk\u00f6posti: info@joulupukinjuna.fi 2. Yhteyshenkil\u00f6 tietosuoja-asioissa Minna MiettunenRautatiekatu 7, 94100 Kemi, FinlandPuhelin: +358 40 553 6248S\u00e4hk\u00f6posti: minna.miettunen@laplandspirit.com 3. Mit\u00e4 tietoja ker\u00e4\u00e4mme Voimme k\u00e4sitell\u00e4 esimerkiksi seuraavia tietoja: nimi s\u00e4hk\u00f6postiosoite puhelinnumero varaus- ja matkustajatiedot mahdolliset lis\u00e4palveluihin liittyv\u00e4t tiedot maksutapahtumaan liittyv\u00e4t tiedot asiakasviestint\u00e4 ja palautteet markkinointiluvat [&hellip;]","og_url":"https:\/\/laplandspirit.com\/en\/tietosuojaseloste\/","og_site_name":"Lapland Spirit Rail","article_modified_time":"2026-03-30T05:37:30+00:00","twitter_card":"summary_large_image","twitter_misc":{"Estimated reading time":"3 minutes"},"schema":{"@context":"https:\/\/schema.org","@graph":[{"@type":"WebPage","@id":"https:\/\/laplandspirit.com\/tietosuojaseloste\/","url":"https:\/\/laplandspirit.com\/tietosuojaseloste\/","name":"Tietosuojaseloste - Lapland Spirit Rail","isPartOf":{"@id":"https:\/\/laplandspirit.com\/#website"},"datePublished":"2026-03-30T05:23:51+00:00","dateModified":"2026-03-30T05:37:30+00:00","breadcrumb":{"@id":"https:\/\/laplandspirit.com\/tietosuojaseloste\/#breadcrumb"},"inLanguage":"en-GB","potentialAction":[{"@type":"ReadAction","target":["https:\/\/laplandspirit.com\/tietosuojaseloste\/"]}]},{"@type":"BreadcrumbList","@id":"https:\/\/laplandspirit.com\/tietosuojaseloste\/#breadcrumb","itemListElement":[{"@type":"ListItem","position":1,"name":"Etusivu","item":"https:\/\/laplandspirit.com\/"},{"@type":"ListItem","position":2,"name":"Tietosuojaseloste"}]},{"@type":"WebSite","@id":"https:\/\/laplandspirit.com\/#website","url":"https:\/\/laplandspirit.com\/","name":", under the brand Lapland Spirit Rail.","description":"The world's northernmost luxury train journey","publisher":{"@id":"https:\/\/laplandspirit.com\/#organization"},"potentialAction":[{"@type":"SearchAction","target":{"@type":"EntryPoint","urlTemplate":"https:\/\/laplandspirit.com\/?s={search_term_string}"},"query-input":{"@type":"PropertyValueSpecification","valueRequired":true,"valueName":"search_term_string"}}],"inLanguage":"en-GB"},{"@type":"Organization","@id":"https:\/\/laplandspirit.com\/#organization","name":", under the brand Lapland Spirit Rail.","url":"https:\/\/laplandspirit.com\/","logo":{"@type":"ImageObject","inLanguage":"en-GB","@id":"https:\/\/laplandspirit.com\/#\/schema\/logo\/image\/","url":"https:\/\/laplandspirit.com\/wp-content\/uploads\/2023\/04\/lapland-spirit-valkoinen-logo-kopio1.png","contentUrl":"https:\/\/laplandspirit.com\/wp-content\/uploads\/2023\/04\/lapland-spirit-valkoinen-logo-kopio1.png","width":968,"height":262,"caption":"Lapland Spirit Rail"},"image":{"@id":"https:\/\/laplandspirit.com\/#\/schema\/logo\/image\/"}}]}},"_links":{"self":[{"href":"https:\/\/laplandspirit.com\/en\/wp-json\/wp\/v2\/pages\/7548","targetHints":{"allow":["GET"]}}],"collection":[{"href":"https:\/\/laplandspirit.com\/en\/wp-json\/wp\/v2\/pages"}],"about":[{"href":"https:\/\/laplandspirit.com\/en\/wp-json\/wp\/v2\/types\/page"}],"author":[{"embeddable":true,"href":"https:\/\/laplandspirit.com\/en\/wp-json\/wp\/v2\/users\/1"}],"replies":[{"embeddable":true,"href":"https:\/\/laplandspirit.com\/en\/wp-json\/wp\/v2\/comments?post=7548"}],"version-history":[{"count":20,"href":"https:\/\/laplandspirit.com\/en\/wp-json\/wp\/v2\/pages\/7548\/revisions"}],"predecessor-version":[{"id":7571,"href":"https:\/\/laplandspirit.com\/en\/wp-json\/wp\/v2\/pages\/7548\/revisions\/7571"}],"wp:attachment":[{"href":"https:\/\/laplandspirit.com\/en\/wp-json\/wp\/v2\/media?parent=7548"}],"curies":[{"name":"wp","href":"https:\/\/api.w.org\/{rel}","templated":true}]}}